{"id":2079,"date":"2023-04-03T12:01:48","date_gmt":"2023-04-03T10:01:48","guid":{"rendered":"https:\/\/korona24h.pl\/?page_id=2079"},"modified":"2023-04-03T12:14:48","modified_gmt":"2023-04-03T10:14:48","slug":"polityka-prywatnosci_","status":"publish","type":"page","link":"https:\/\/korona24h.pl\/index.php\/polityka-prywatnosci_\/","title":{"rendered":"Polityka prywatno\u015bci"},"content":{"rendered":"\t\t<div data-elementor-type=\"wp-page\" data-elementor-id=\"2079\" class=\"elementor elementor-2079\">\n\t\t\t\t\t\t\t\t\t<section class=\"elementor-section elementor-top-section elementor-element elementor-element-f615dda elementor-section-height-min-height elementor-section-boxed elementor-section-height-default elementor-section-items-middle\" data-id=\"f615dda\" data-element_type=\"section\" data-settings=\"{&quot;background_background&quot;:&quot;classic&quot;}\">\n\t\t\t\t\t\t\t<div class=\"elementor-background-overlay\"><\/div>\n\t\t\t\t\t\t\t<div class=\"elementor-container elementor-column-gap-no\">\n\t\t\t\t\t<div class=\"elementor-column elementor-col-100 elementor-top-column elementor-element elementor-element-b1ddcfd\" data-id=\"b1ddcfd\" data-element_type=\"column\">\n\t\t\t<div class=\"elementor-widget-wrap elementor-element-populated\">\n\t\t\t\t\t\t\t\t<div class=\"elementor-element elementor-element-f2f1082 elementor-widget elementor-widget-heading\" data-id=\"f2f1082\" data-element_type=\"widget\" data-widget_type=\"heading.default\">\n\t\t\t\t<div class=\"elementor-widget-container\">\n\t\t\t<style>\/*! elementor - v3.16.0 - 17-10-2023 *\/\n.elementor-heading-title{padding:0;margin:0;line-height:1}.elementor-widget-heading .elementor-heading-title[class*=elementor-size-]>a{color:inherit;font-size:inherit;line-height:inherit}.elementor-widget-heading .elementor-heading-title.elementor-size-small{font-size:15px}.elementor-widget-heading .elementor-heading-title.elementor-size-medium{font-size:19px}.elementor-widget-heading .elementor-heading-title.elementor-size-large{font-size:29px}.elementor-widget-heading .elementor-heading-title.elementor-size-xl{font-size:39px}.elementor-widget-heading .elementor-heading-title.elementor-size-xxl{font-size:59px}<\/style><h1 class=\"elementor-heading-title elementor-size-default\">Polityka Prywatno\u015bci<\/h1>\t\t<\/div>\n\t\t\t\t<\/div>\n\t\t\t\t<div class=\"elementor-element elementor-element-68f0619 elementor-widget-divider--view-line elementor-widget elementor-widget-divider\" data-id=\"68f0619\" data-element_type=\"widget\" data-widget_type=\"divider.default\">\n\t\t\t\t<div class=\"elementor-widget-container\">\n\t\t\t<style>\/*! elementor - v3.16.0 - 17-10-2023 *\/\n.elementor-widget-divider{--divider-border-style:none;--divider-border-width:1px;--divider-color:#0c0d0e;--divider-icon-size:20px;--divider-element-spacing:10px;--divider-pattern-height:24px;--divider-pattern-size:20px;--divider-pattern-url:none;--divider-pattern-repeat:repeat-x}.elementor-widget-divider .elementor-divider{display:flex}.elementor-widget-divider .elementor-divider__text{font-size:15px;line-height:1;max-width:95%}.elementor-widget-divider .elementor-divider__element{margin:0 var(--divider-element-spacing);flex-shrink:0}.elementor-widget-divider .elementor-icon{font-size:var(--divider-icon-size)}.elementor-widget-divider .elementor-divider-separator{display:flex;margin:0;direction:ltr}.elementor-widget-divider--view-line_icon .elementor-divider-separator,.elementor-widget-divider--view-line_text .elementor-divider-separator{align-items:center}.elementor-widget-divider--view-line_icon .elementor-divider-separator:after,.elementor-widget-divider--view-line_icon .elementor-divider-separator:before,.elementor-widget-divider--view-line_text .elementor-divider-separator:after,.elementor-widget-divider--view-line_text .elementor-divider-separator:before{display:block;content:\"\";border-bottom:0;flex-grow:1;border-top:var(--divider-border-width) var(--divider-border-style) var(--divider-color)}.elementor-widget-divider--element-align-left .elementor-divider .elementor-divider-separator>.elementor-divider__svg:first-of-type{flex-grow:0;flex-shrink:100}.elementor-widget-divider--element-align-left .elementor-divider-separator:before{content:none}.elementor-widget-divider--element-align-left .elementor-divider__element{margin-left:0}.elementor-widget-divider--element-align-right .elementor-divider .elementor-divider-separator>.elementor-divider__svg:last-of-type{flex-grow:0;flex-shrink:100}.elementor-widget-divider--element-align-right .elementor-divider-separator:after{content:none}.elementor-widget-divider--element-align-right .elementor-divider__element{margin-right:0}.elementor-widget-divider:not(.elementor-widget-divider--view-line_text):not(.elementor-widget-divider--view-line_icon) .elementor-divider-separator{border-top:var(--divider-border-width) var(--divider-border-style) var(--divider-color)}.elementor-widget-divider--separator-type-pattern{--divider-border-style:none}.elementor-widget-divider--separator-type-pattern.elementor-widget-divider--view-line .elementor-divider-separator,.elementor-widget-divider--separator-type-pattern:not(.elementor-widget-divider--view-line) .elementor-divider-separator:after,.elementor-widget-divider--separator-type-pattern:not(.elementor-widget-divider--view-line) .elementor-divider-separator:before,.elementor-widget-divider--separator-type-pattern:not([class*=elementor-widget-divider--view]) .elementor-divider-separator{width:100%;min-height:var(--divider-pattern-height);-webkit-mask-size:var(--divider-pattern-size) 100%;mask-size:var(--divider-pattern-size) 100%;-webkit-mask-repeat:var(--divider-pattern-repeat);mask-repeat:var(--divider-pattern-repeat);background-color:var(--divider-color);-webkit-mask-image:var(--divider-pattern-url);mask-image:var(--divider-pattern-url)}.elementor-widget-divider--no-spacing{--divider-pattern-size:auto}.elementor-widget-divider--bg-round{--divider-pattern-repeat:round}.rtl .elementor-widget-divider .elementor-divider__text{direction:rtl}.e-con-inner>.elementor-widget-divider,.e-con>.elementor-widget-divider{width:var(--container-widget-width,100%);--flex-grow:var(--container-widget-flex-grow)}<\/style>\t\t<div class=\"elementor-divider\">\n\t\t\t<span class=\"elementor-divider-separator\">\n\t\t\t\t\t\t<\/span>\n\t\t<\/div>\n\t\t\t\t<\/div>\n\t\t\t\t<\/div>\n\t\t\t\t\t<\/div>\n\t\t<\/div>\n\t\t\t\t\t\t\t<\/div>\n\t\t<\/section>\n\t\t\t\t<section class=\"elementor-section elementor-top-section elementor-element elementor-element-fc8996e elementor-section-boxed elementor-section-height-default elementor-section-height-default\" data-id=\"fc8996e\" data-element_type=\"section\">\n\t\t\t\t\t\t<div class=\"elementor-container elementor-column-gap-default\">\n\t\t\t\t\t<div class=\"elementor-column elementor-col-100 elementor-top-column elementor-element elementor-element-f01d445\" data-id=\"f01d445\" data-element_type=\"column\">\n\t\t\t<div class=\"elementor-widget-wrap elementor-element-populated\">\n\t\t\t\t\t\t\t\t<div class=\"elementor-element elementor-element-7b4a3d8 elementor-widget elementor-widget-heading\" data-id=\"7b4a3d8\" data-element_type=\"widget\" data-widget_type=\"heading.default\">\n\t\t\t\t<div class=\"elementor-widget-container\">\n\t\t\t<h3 class=\"elementor-heading-title elementor-size-default\">Polityka Prywatno\u015bci<\/h3>\t\t<\/div>\n\t\t\t\t<\/div>\n\t\t\t\t<div class=\"elementor-element elementor-element-8d66e4e elementor-widget elementor-widget-text-editor\" data-id=\"8d66e4e\" data-element_type=\"widget\" data-widget_type=\"text-editor.default\">\n\t\t\t\t<div class=\"elementor-widget-container\">\n\t\t\t<style>\/*! elementor - v3.16.0 - 17-10-2023 *\/\n.elementor-widget-text-editor.elementor-drop-cap-view-stacked .elementor-drop-cap{background-color:#69727d;color:#fff}.elementor-widget-text-editor.elementor-drop-cap-view-framed .elementor-drop-cap{color:#69727d;border:3px solid;background-color:transparent}.elementor-widget-text-editor:not(.elementor-drop-cap-view-default) .elementor-drop-cap{margin-top:8px}.elementor-widget-text-editor:not(.elementor-drop-cap-view-default) .elementor-drop-cap-letter{width:1em;height:1em}.elementor-widget-text-editor .elementor-drop-cap{float:left;text-align:center;line-height:1;font-size:50px}.elementor-widget-text-editor .elementor-drop-cap-letter{display:inline-block}<\/style>\t\t\t\tNiniejsza polityka prywatno\u015bci okre\u015bla zasady przetwarzania danych osobowych przez operatora strony internetowej www.korona24h.pl, dzia\u0142aj\u0105cej pod adresem <a href=\"https:\/\/korona24h.pl\">https:\/\/korona24h.pl<\/a>, zwanej dalej \u201eStron\u0105\u201d. Polityka ta jest zgodna z obowi\u0105zuj\u0105cymi przepisami prawa, w tym z Rozporz\u0105dzeniem Parlamentu Europejskiego i Rady (UE) 2016\/679 z dnia 27 kwietnia 2016 r. w sprawie ochrony os\u00f3b fizycznych w zwi\u0105zku z przetwarzaniem danych osobowych i w sprawie swobodnego przep\u0142ywu takich danych oraz uchylenia dyrektywy 95\/46\/WE (tzw. RODO).\n<ol>\n \t<li>Administrator danych osobowych<\/li>\n<\/ol>\nAdministratorem danych osobowych jest <strong>ZAK\u0141AD POGRZEBOWY MIKO\u0141AJEK S.C Anita Dziubecka, Tomasz Miko\u0142ajek z siedzib\u0105 w ul. Wodzis\u0142awska 6, 44-240 \u017bory<\/strong>,\u00a0 wpisanym do rejestru przedsi\u0119biorc\u00f3w Krajowego Rejestru S\u0105dowego, posiadaj\u0105cy numer identyfikacji podatkowej NIP &#8211; <strong>6511741025<\/strong> oraz REGON &#8211; <strong>52109688000000<\/strong>, zwany dalej \u201eAdministratorem\u201d.\n<ol start=\"2\">\n \t<li>Rodzaje i cele przetwarzania danych osobowych<\/li>\n<\/ol>\nAdministrator przetwarza dane osobowe w celu umo\u017cliwienia korzystania ze Strony oraz \u015bwiadczenia us\u0142ug oferowanych przez Administratora za jej po\u015brednictwem, w tym w szczeg\u00f3lno\u015bci:\n\na) umo\u017cliwienia korzystania ze Strony;\n\nb) obs\u0142ugi zam\u00f3wie\u0144 na produkty lub us\u0142ugi oferowane przez Administratora;\n\nc) kontaktu z u\u017cytkownikami Strony w celu udzielenia odpowiedzi na zg\u0142oszenia i zapytania;\n\nd) prowadzenia dzia\u0142a\u0144 marketingowych, w tym przesy\u0142ania newsletter\u00f3w;\n\ne) w celu zapewnienia bezpiecze\u0144stwa Strony oraz zapobiegania nadu\u017cyciom i oszustwom.\n<ol start=\"3\">\n \t<li>Podstawa prawna przetwarzania danych osobowych<\/li>\n<\/ol>\nPrzetwarzanie danych osobowych przez Administratora jest zgodne z obowi\u0105zuj\u0105cymi przepisami prawa, a w szczeg\u00f3lno\u015bci z RODO. Podstaw\u0105 prawn\u0105 przetwarzania danych osobowych jest:\n\na) dobrowolna zgoda u\u017cytkownika na przetwarzanie jego danych osobowych w celu korzystania ze Strony i \u015bwiadczenia us\u0142ug przez Administratora;\n\nb) realizacja umowy zawartej z u\u017cytkownikiem, je\u015bli przetwarzanie danych osobowych jest niezb\u0119dne do jej wykonania;\n\nc) prawnie uzasadniony interes Administratora, w tym w szczeg\u00f3lno\u015bci w celu zapewnienia bezpiecze\u0144stwa Strony oraz prowadzenia dzia\u0142a\u0144 marketingowych.\n<ol start=\"4\">\n \t<li>Odbiorcy danych osobowych<\/li>\n<\/ol>\nDane osobowe u\u017cytkownik\u00f3w Strony mog\u0105 by\u0107 udost\u0119pniane wy\u0142\u0105cznie podmiotom uprawnionym na podstawie przepis\u00f3w prawa oraz upowa\u017cnionym podmiotom, z kt\u00f3rymi Administrator zawar\u0142 umowy dotycz\u0105ce przetwarzania.\t\t\t\t\t\t<\/div>\n\t\t\t\t<\/div>\n\t\t\t\t\t<\/div>\n\t\t<\/div>\n\t\t\t\t\t\t\t<\/div>\n\t\t<\/section>\n\t\t\t\t\t\t\t<\/div>\n\t\t","protected":false},"excerpt":{"rendered":"<p>Polityka Prywatno\u015bci Polityka Prywatno\u015bci Niniejsza polityka prywatno\u015bci okre\u015bla zasady przetwarzania danych osobowych przez operatora strony internetowej www.korona24h.pl, dzia\u0142aj\u0105cej pod adresem https:\/\/korona24h.pl, zwanej dalej \u201eStron\u0105\u201d. Polityka ta jest zgodna z obowi\u0105zuj\u0105cymi przepisami prawa, w tym z Rozporz\u0105dzeniem Parlamentu Europejskiego i Rady (UE) 2016\/679 z dnia 27 kwietnia 2016 r. w sprawie ochrony os\u00f3b fizycznych w zwi\u0105zku &hellip;<\/p>\n<p class=\"read-more\"> <a class=\"\" href=\"https:\/\/korona24h.pl\/index.php\/polityka-prywatnosci_\/\"> <span class=\"screen-reader-text\">Polityka prywatno\u015bci<\/span> Read More &raquo;<\/a><\/p>\n","protected":false},"author":1,"featured_media":0,"parent":0,"menu_order":0,"comment_status":"closed","ping_status":"closed","template":"","meta":{"site-sidebar-layout":"no-sidebar","site-content-layout":"page-builder","ast-site-content-layout":"","site-content-style":"default","site-sidebar-style":"default","ast-global-header-display":"","ast-banner-title-visibility":"","ast-main-header-display":"","ast-hfb-above-header-display":"","ast-hfb-below-header-display":"","ast-hfb-mobile-header-display":"","site-post-title":"disabled","ast-breadcrumbs-content":"disabled","ast-featured-img":"disabled","footer-sml-layout":"","theme-transparent-header-meta":"enabled","adv-header-id-meta":"","stick-header-meta":"","header-above-stick-meta":"","header-main-stick-meta":"","header-below-stick-meta":"","astra-migrate-meta-layouts":"","footnotes":""},"class_list":["post-2079","page","type-page","status-publish","hentry"],"yoast_head":"<!-- This site is optimized with the Yoast SEO Premium plugin v19.3 (Yoast SEO v27.5) - https:\/\/yoast.com\/product\/yoast-seo-premium-wordpress\/ -->\n<title>Polityka prywatno\u015bci - Zak\u0142ad Pogrzebowy Korona24h<\/title>\n<meta name=\"robots\" content=\"index, follow, max-snippet:-1, max-image-preview:large, max-video-preview:-1\" \/>\n<link rel=\"canonical\" href=\"https:\/\/korona24h.pl\/index.php\/polityka-prywatnosci_\/\" \/>\n<meta property=\"og:locale\" content=\"pl_PL\" \/>\n<meta property=\"og:type\" content=\"article\" \/>\n<meta property=\"og:title\" content=\"Polityka prywatno\u015bci\" \/>\n<meta property=\"og:description\" content=\"Polityka Prywatno\u015bci Polityka Prywatno\u015bci Niniejsza polityka prywatno\u015bci okre\u015bla zasady przetwarzania danych osobowych przez operatora strony internetowej www.korona24h.pl, dzia\u0142aj\u0105cej pod adresem https:\/\/korona24h.pl, zwanej dalej \u201eStron\u0105\u201d. Polityka ta jest zgodna z obowi\u0105zuj\u0105cymi przepisami prawa, w tym z Rozporz\u0105dzeniem Parlamentu Europejskiego i Rady (UE) 2016\/679 z dnia 27 kwietnia 2016 r. w sprawie ochrony os\u00f3b fizycznych w zwi\u0105zku &hellip; Polityka prywatno\u015bci Read More &raquo;\" \/>\n<meta property=\"og:url\" content=\"https:\/\/korona24h.pl\/index.php\/polityka-prywatnosci_\/\" \/>\n<meta property=\"og:site_name\" content=\"Zak\u0142ad Pogrzebowy Korona24h\" \/>\n<meta property=\"article:modified_time\" content=\"2023-04-03T10:14:48+00:00\" \/>\n<meta name=\"twitter:card\" content=\"summary_large_image\" \/>\n<meta name=\"twitter:label1\" content=\"Szacowany czas czytania\" \/>\n\t<meta name=\"twitter:data1\" content=\"2 minuty\" \/>\n<script type=\"application\/ld+json\" class=\"yoast-schema-graph\">{\"@context\":\"https:\\\/\\\/schema.org\",\"@graph\":[{\"@type\":\"WebPage\",\"@id\":\"https:\\\/\\\/korona24h.pl\\\/index.php\\\/polityka-prywatnosci_\\\/\",\"url\":\"https:\\\/\\\/korona24h.pl\\\/index.php\\\/polityka-prywatnosci_\\\/\",\"name\":\"Polityka prywatno\u015bci - Zak\u0142ad Pogrzebowy Korona24h\",\"isPartOf\":{\"@id\":\"https:\\\/\\\/korona24h.pl\\\/#website\"},\"datePublished\":\"2023-04-03T10:01:48+00:00\",\"dateModified\":\"2023-04-03T10:14:48+00:00\",\"breadcrumb\":{\"@id\":\"https:\\\/\\\/korona24h.pl\\\/index.php\\\/polityka-prywatnosci_\\\/#breadcrumb\"},\"inLanguage\":\"pl-PL\",\"potentialAction\":[{\"@type\":\"ReadAction\",\"target\":[\"https:\\\/\\\/korona24h.pl\\\/index.php\\\/polityka-prywatnosci_\\\/\"]}]},{\"@type\":\"BreadcrumbList\",\"@id\":\"https:\\\/\\\/korona24h.pl\\\/index.php\\\/polityka-prywatnosci_\\\/#breadcrumb\",\"itemListElement\":[{\"@type\":\"ListItem\",\"position\":1,\"name\":\"Strona g\u0142\u00f3wna\",\"item\":\"https:\\\/\\\/korona24h.pl\\\/\"},{\"@type\":\"ListItem\",\"position\":2,\"name\":\"Polityka prywatno\u015bci\"}]},{\"@type\":\"WebSite\",\"@id\":\"https:\\\/\\\/korona24h.pl\\\/#website\",\"url\":\"https:\\\/\\\/korona24h.pl\\\/\",\"name\":\"Zak\u0142ad Pogrzebowy Korona24h\",\"description\":\"Zak\u0142ad pogrzebowy Korona24h \",\"publisher\":{\"@id\":\"https:\\\/\\\/korona24h.pl\\\/#organization\"},\"potentialAction\":[{\"@type\":\"SearchAction\",\"target\":{\"@type\":\"EntryPoint\",\"urlTemplate\":\"https:\\\/\\\/korona24h.pl\\\/?s={search_term_string}\"},\"query-input\":{\"@type\":\"PropertyValueSpecification\",\"valueRequired\":true,\"valueName\":\"search_term_string\"}}],\"inLanguage\":\"pl-PL\"},{\"@type\":\"Organization\",\"@id\":\"https:\\\/\\\/korona24h.pl\\\/#organization\",\"name\":\"Zak\u0142ad Pogrzebowy Korona24h\",\"url\":\"https:\\\/\\\/korona24h.pl\\\/\",\"logo\":{\"@type\":\"ImageObject\",\"inLanguage\":\"pl-PL\",\"@id\":\"https:\\\/\\\/korona24h.pl\\\/#\\\/schema\\\/logo\\\/image\\\/\",\"url\":\"https:\\\/\\\/korona24h.pl\\\/wp-content\\\/uploads\\\/2023\\\/04\\\/cropped-korona24_logo.png\",\"contentUrl\":\"https:\\\/\\\/korona24h.pl\\\/wp-content\\\/uploads\\\/2023\\\/04\\\/cropped-korona24_logo.png\",\"width\":150,\"height\":150,\"caption\":\"Zak\u0142ad Pogrzebowy Korona24h\"},\"image\":{\"@id\":\"https:\\\/\\\/korona24h.pl\\\/#\\\/schema\\\/logo\\\/image\\\/\"}}]}<\/script>\n<!-- \/ Yoast SEO Premium plugin. -->","yoast_head_json":{"title":"Polityka prywatno\u015bci - Zak\u0142ad Pogrzebowy Korona24h","robots":{"index":"index","follow":"follow","max-snippet":"max-snippet:-1","max-image-preview":"max-image-preview:large","max-video-preview":"max-video-preview:-1"},"canonical":"https:\/\/korona24h.pl\/index.php\/polityka-prywatnosci_\/","og_locale":"pl_PL","og_type":"article","og_title":"Polityka prywatno\u015bci","og_description":"Polityka Prywatno\u015bci Polityka Prywatno\u015bci Niniejsza polityka prywatno\u015bci okre\u015bla zasady przetwarzania danych osobowych przez operatora strony internetowej www.korona24h.pl, dzia\u0142aj\u0105cej pod adresem https:\/\/korona24h.pl, zwanej dalej \u201eStron\u0105\u201d. Polityka ta jest zgodna z obowi\u0105zuj\u0105cymi przepisami prawa, w tym z Rozporz\u0105dzeniem Parlamentu Europejskiego i Rady (UE) 2016\/679 z dnia 27 kwietnia 2016 r. w sprawie ochrony os\u00f3b fizycznych w zwi\u0105zku &hellip; Polityka prywatno\u015bci Read More &raquo;","og_url":"https:\/\/korona24h.pl\/index.php\/polityka-prywatnosci_\/","og_site_name":"Zak\u0142ad Pogrzebowy Korona24h","article_modified_time":"2023-04-03T10:14:48+00:00","twitter_card":"summary_large_image","twitter_misc":{"Szacowany czas czytania":"2 minuty"},"schema":{"@context":"https:\/\/schema.org","@graph":[{"@type":"WebPage","@id":"https:\/\/korona24h.pl\/index.php\/polityka-prywatnosci_\/","url":"https:\/\/korona24h.pl\/index.php\/polityka-prywatnosci_\/","name":"Polityka prywatno\u015bci - Zak\u0142ad Pogrzebowy Korona24h","isPartOf":{"@id":"https:\/\/korona24h.pl\/#website"},"datePublished":"2023-04-03T10:01:48+00:00","dateModified":"2023-04-03T10:14:48+00:00","breadcrumb":{"@id":"https:\/\/korona24h.pl\/index.php\/polityka-prywatnosci_\/#breadcrumb"},"inLanguage":"pl-PL","potentialAction":[{"@type":"ReadAction","target":["https:\/\/korona24h.pl\/index.php\/polityka-prywatnosci_\/"]}]},{"@type":"BreadcrumbList","@id":"https:\/\/korona24h.pl\/index.php\/polityka-prywatnosci_\/#breadcrumb","itemListElement":[{"@type":"ListItem","position":1,"name":"Strona g\u0142\u00f3wna","item":"https:\/\/korona24h.pl\/"},{"@type":"ListItem","position":2,"name":"Polityka prywatno\u015bci"}]},{"@type":"WebSite","@id":"https:\/\/korona24h.pl\/#website","url":"https:\/\/korona24h.pl\/","name":"Zak\u0142ad Pogrzebowy Korona24h","description":"Zak\u0142ad pogrzebowy Korona24h ","publisher":{"@id":"https:\/\/korona24h.pl\/#organization"},"potentialAction":[{"@type":"SearchAction","target":{"@type":"EntryPoint","urlTemplate":"https:\/\/korona24h.pl\/?s={search_term_string}"},"query-input":{"@type":"PropertyValueSpecification","valueRequired":true,"valueName":"search_term_string"}}],"inLanguage":"pl-PL"},{"@type":"Organization","@id":"https:\/\/korona24h.pl\/#organization","name":"Zak\u0142ad Pogrzebowy Korona24h","url":"https:\/\/korona24h.pl\/","logo":{"@type":"ImageObject","inLanguage":"pl-PL","@id":"https:\/\/korona24h.pl\/#\/schema\/logo\/image\/","url":"https:\/\/korona24h.pl\/wp-content\/uploads\/2023\/04\/cropped-korona24_logo.png","contentUrl":"https:\/\/korona24h.pl\/wp-content\/uploads\/2023\/04\/cropped-korona24_logo.png","width":150,"height":150,"caption":"Zak\u0142ad Pogrzebowy Korona24h"},"image":{"@id":"https:\/\/korona24h.pl\/#\/schema\/logo\/image\/"}}]}},"_links":{"self":[{"href":"https:\/\/korona24h.pl\/index.php\/wp-json\/wp\/v2\/pages\/2079","targetHints":{"allow":["GET"]}}],"collection":[{"href":"https:\/\/korona24h.pl\/index.php\/wp-json\/wp\/v2\/pages"}],"about":[{"href":"https:\/\/korona24h.pl\/index.php\/wp-json\/wp\/v2\/types\/page"}],"author":[{"embeddable":true,"href":"https:\/\/korona24h.pl\/index.php\/wp-json\/wp\/v2\/users\/1"}],"replies":[{"embeddable":true,"href":"https:\/\/korona24h.pl\/index.php\/wp-json\/wp\/v2\/comments?post=2079"}],"version-history":[{"count":8,"href":"https:\/\/korona24h.pl\/index.php\/wp-json\/wp\/v2\/pages\/2079\/revisions"}],"predecessor-version":[{"id":2088,"href":"https:\/\/korona24h.pl\/index.php\/wp-json\/wp\/v2\/pages\/2079\/revisions\/2088"}],"wp:attachment":[{"href":"https:\/\/korona24h.pl\/index.php\/wp-json\/wp\/v2\/media?parent=2079"}],"curies":[{"name":"wp","href":"https:\/\/api.w.org\/{rel}","templated":true}]}}